{"id":10,"date":"2026-04-16T09:59:33","date_gmt":"2026-04-16T07:59:33","guid":{"rendered":"https:\/\/practicasvm.net\/carvalho\/?page_id=10"},"modified":"2026-04-16T10:01:19","modified_gmt":"2026-04-16T08:01:19","slug":"contacto","status":"publish","type":"page","link":"https:\/\/practicasvm.net\/carvalho\/contacto\/","title":{"rendered":"Contacto"},"content":{"rendered":"<p>Nos pod\u00e9is contactar a trav\u00e9s de las siguientes v\u00edas:<\/p>\n<div class=\"xx6bls6\">\n<section aria-labelledby=\"_r_a2_\">\n<div class=\"x1hq5gj4\">\n<div class=\"x13faqbe x78zum5 xdt5ytf\">\n<div class=\"x9f619 x1ja2u2z x78zum5 x1n2onr6 x1nhvcw1 x1qjc9v5 xozqiw3 x1q0g3np xyri2b x1c1uobl x18d9i69 xexx8yu x1ws5yxj xw01apr x4cne27 xifccgj xs83m0k\">\n<div class=\"x9f619 x1n2onr6 x1ja2u2z x78zum5 xdt5ytf x2lah0s x193iq5w xeuugli xqcrz7y x1icxu4v x25sj25 x10b6aqq x1yrsyyn\"><img decoding=\"async\" class=\"xz74otr x15mokao x1ga7v0g x16uus16 xbiv7yw x1b0d499 xuo83w3\" src=\"https:\/\/static.xx.fbcdn.net\/rsrc.php\/yu\/r\/Yi42foCwfmq.webp\" alt=\"\" width=\"24\" height=\"24\" \/> Gij\u00f3n, Spain, 33201<\/div>\n<div class=\"x9f619 x1n2onr6 x1ja2u2z x78zum5 xdt5ytf x193iq5w xeuugli x1r8uery x1iyjqo2 xs83m0k xamitd3 x1icxu4v x25sj25 x10b6aqq x1yrsyyn\">\n<div>\n<div><span class=\"xi81zsa x1nxh6w3 x1sibtaa\">Direcci\u00f3n<\/span><\/div>\n<div><\/div>\n<\/div>\n<\/div>\n<\/div>\n<\/div>\n<\/div>\n<div class=\"x1hq5gj4\">\n<div class=\"x13faqbe x78zum5 xdt5ytf\">\n<div class=\"x9f619 x1ja2u2z x78zum5 x1n2onr6 x1r8uery x1iyjqo2 xs83m0k xeuugli x1nhvcw1 x1qjc9v5 xozqiw3 x1q0g3np xyri2b x1c1uobl x18d9i69 xexx8yu x1ws5yxj xw01apr x4cne27 xifccgj\">\n<div><\/div>\n<div class=\"x9f619 x1n2onr6 x1ja2u2z x78zum5 xdt5ytf x2lah0s x193iq5w xeuugli x1icxu4v x25sj25 x10b6aqq x1yrsyyn\"><img decoding=\"async\" class=\"xz74otr x15mokao x1ga7v0g x16uus16 xbiv7yw x1b0d499\" src=\"https:\/\/static.xx.fbcdn.net\/rsrc.php\/yy\/r\/xKTcpTC0q25.webp\" alt=\"\" width=\"24\" height=\"24\" \/> 670 08 35 04<\/div>\n<div class=\"x9f619 x1n2onr6 x1ja2u2z x78zum5 xdt5ytf x193iq5w xeuugli x1r8uery x1iyjqo2 xs83m0k xamitd3 x1icxu4v x25sj25 x10b6aqq x1yrsyyn\">\n<div class=\"x1e56ztr x1gslohp\">\n<div class=\"x78zum5 xdt5ytf xz62fqu x16ldp7u\">\n<div class=\"xu06os2 x1ok221b\">\n<div class=\"x9f619 x1ja2u2z x78zum5 x2lah0s x1n2onr6 x1qughib x1qjc9v5 xozqiw3 x1q0g3np xyri2b x1c1uobl x18d9i69 xexx8yu x1ws5yxj xw01apr x4cne27 xifccgj\">\n<div class=\"x9f619 x1n2onr6 x1ja2u2z x78zum5 xdt5ytf x2lah0s x193iq5w xeuugli x1icxu4v x25sj25 x10b6aqq x1yrsyyn\">\n<div class=\"x78zum5 xdt5ytf xz62fqu x16ldp7u\">\n<div class=\"xu06os2 x1ok221b\">\n<div>M\u00f3vil<\/div>\n<\/div>\n<\/div>\n<\/div>\n<\/div>\n<\/div>\n<\/div>\n<\/div>\n<\/div>\n<\/div>\n<\/div>\n<\/div>\n<div class=\"xat24cr\">\n<div class=\"x13faqbe x78zum5 xdt5ytf\">\n<div class=\"x9f619 x1ja2u2z x78zum5 x1n2onr6 x1r8uery x1iyjqo2 xs83m0k xeuugli x1nhvcw1 x1qjc9v5 xozqiw3 x1q0g3np xyri2b x1c1uobl x18d9i69 xexx8yu x1ws5yxj xw01apr x4cne27 xifccgj\">\n<div><\/div>\n<div><\/div>\n<div class=\"x9f619 x1n2onr6 x1ja2u2z x78zum5 xdt5ytf x2lah0s x193iq5w xeuugli x1icxu4v x25sj25 x10b6aqq x1yrsyyn\"><img decoding=\"async\" class=\"xz74otr x15mokao x1ga7v0g x16uus16 xbiv7yw x1b0d499\" src=\"https:\/\/static.xx.fbcdn.net\/rsrc.php\/yd\/r\/8qa_BT6CedM.webp\" alt=\"\" width=\"24\" height=\"24\" \/> bgsaxum@gmail.com<\/div>\n<div class=\"x9f619 x1n2onr6 x1ja2u2z x78zum5 xdt5ytf x193iq5w xeuugli x1r8uery x1iyjqo2 xs83m0k xamitd3 x1icxu4v x25sj25 x10b6aqq x1yrsyyn\">\n<div class=\"x1e56ztr x1gslohp\">\n<div class=\"x78zum5 xdt5ytf xz62fqu x16ldp7u\">\n<div class=\"xu06os2 x1ok221b\">\n<div class=\"x9f619 x1ja2u2z x78zum5 x2lah0s x1n2onr6 x1qughib x1qjc9v5 xozqiw3 x1q0g3np xyri2b x1c1uobl x18d9i69 xexx8yu x1ws5yxj xw01apr x4cne27 xifccgj\">\n<div class=\"x9f619 x1n2onr6 x1ja2u2z x78zum5 xdt5ytf x2lah0s x193iq5w xeuugli x1icxu4v x25sj25 x10b6aqq x1yrsyyn\">\n<div class=\"x78zum5 xdt5ytf xz62fqu x16ldp7u\">\n<div class=\"xu06os2 x1ok221b\">\n<div>Correo electr\u00f3nico<\/div>\n<\/div>\n<\/div>\n<\/div>\n<\/div>\n<\/div>\n<\/div>\n<\/div>\n<\/div>\n<\/div>\n<\/div>\n<\/div>\n<\/section>\n<\/div>\n<div class=\"xx6bls6\">\n<section aria-labelledby=\"_r_a4_\">\n<div class=\"xieb3on x1gslohp\">\n<div id=\"_r_a4_\">\n<h2 class=\"html-h2 xdj266r x14z9mp xat24cr x1lziwak xexx8yu xyri2b x18d9i69 x1c1uobl x1vvkbs x1heor9g x1qlqyl8 x1pd3egz x1a2a7pz x193iq5w xeuugli\" dir=\"auto\"><span class=\"x193iq5w xeuugli x13faqbe x1vvkbs x1xmvt09 x1lliihq x1s928wv xhkezso x1gmr53x x1cpjm7i x1fgarty x1943h6x xudqn12 x676frb x1lkfr7t x1lbecb7 x1s688f xzsf02u\" dir=\"auto\">Sitios web y enlaces sociales<\/span><\/h2>\n<\/div>\n<\/div>\n<div class=\"xat24cr\">\n<div class=\"x13faqbe x78zum5 xdt5ytf\">\n<div class=\"x9f619 x1ja2u2z x78zum5 x1n2onr6 x1r8uery x1iyjqo2 xs83m0k xeuugli x1nhvcw1 x1qjc9v5 xozqiw3 x1q0g3np xyri2b x1c1uobl x18d9i69 xexx8yu x1ws5yxj xw01apr x4cne27 xifccgj\">\n<div class=\"x9f619 x1n2onr6 x1ja2u2z x78zum5 xdt5ytf x2lah0s x193iq5w xeuugli x1icxu4v x25sj25 x10b6aqq x1yrsyyn\"><img loading=\"lazy\" decoding=\"async\" class=\"xz74otr x15mokao x1ga7v0g x16uus16 xbiv7yw x1b0d499\" src=\"https:\/\/static.xx.fbcdn.net\/rsrc.php\/ya\/r\/LKNsooEVy0O.webp\" alt=\"\" width=\"24\" height=\"24\" \/> <a class=\"x1i10hfl xjbqb8w x1ejq31n x18oe1m7 x1sy0etr xstzfhl x972fbf x10w94by x1qhh985 x14e42zd x9f619 x1ypdohk xt0psk2 x3ct3a4 xdj266r x14z9mp xat24cr x1lziwak xexx8yu xyri2b x18d9i69 x1c1uobl x16tdsg8 x1hl2dhg xggy1nq x1a2a7pz xkrqix3 x1sur9pj xzsf02u x1s688f\" role=\"link\" href=\"https:\/\/l.facebook.com\/l.php?u=https%3A%2F%2Fwww.instagram.com%2Fbgsaxum&amp;h=AT70KR-QUZKCzaJVTVVWzweu-x8tWfdknd23Y8kWiYBeh8Pixp79HB5exlMLb6McSOvTr3M30NGDnLDRVmLJn2s6Pw6jZbGjQPFhcnaNf4VnktzAXPKuZE0sLYmBaJRk5Q49nkOpntZUuDKTkTGihA\" target=\"_blank\" rel=\"nofollow noopener noreferrer\">bgsaxum<\/a><\/div>\n<div class=\"x9f619 x1n2onr6 x1ja2u2z x78zum5 xdt5ytf x193iq5w xeuugli x1r8uery x1iyjqo2 xs83m0k xamitd3 x1icxu4v x25sj25 x10b6aqq x1yrsyyn\">\n<div class=\"x1e56ztr x1gslohp\">\n<div class=\"x78zum5 xdt5ytf xz62fqu x16ldp7u\">\n<div class=\"xu06os2 x1ok221b\">\n<div class=\"x9f619 x1ja2u2z x78zum5 x2lah0s x1n2onr6 x1qughib x1qjc9v5 xozqiw3 x1q0g3np xyri2b x1c1uobl x18d9i69 xexx8yu x1ws5yxj xw01apr x4cne27 xifccgj\">\n<div class=\"x9f619 x1n2onr6 x1ja2u2z x78zum5 xdt5ytf x2lah0s x193iq5w xeuugli x1icxu4v x25sj25 x10b6aqq x1yrsyyn\">\n<div class=\"x78zum5 xdt5ytf xz62fqu x16ldp7u\">\n<div class=\"xu06os2 x1ok221b\">\n<div>Instagram<\/div>\n<\/div>\n<\/div>\n<\/div>\n<\/div>\n<\/div>\n<\/div>\n<\/div>\n<\/div>\n<\/div>\n<\/div>\n<\/div>\n<\/section>\n<\/div>\n","protected":false},"excerpt":{"rendered":"<p>Nos pod\u00e9is contactar a trav\u00e9s de las siguientes v\u00edas: Gij\u00f3n, Spain, 33201 Direcci\u00f3n 670 08 35 04 M\u00f3vil bgsaxum@gmail.com Correo electr\u00f3nico Sitios web y enlaces sociales bgsaxum Instagram<\/p>\n","protected":false},"author":122,"featured_media":0,"parent":0,"menu_order":0,"comment_status":"closed","ping_status":"closed","template":"","meta":{"footnotes":""},"class_list":["post-10","page","type-page","status-publish","hentry"],"_links":{"self":[{"href":"https:\/\/practicasvm.net\/carvalho\/wp-json\/wp\/v2\/pages\/10","targetHints":{"allow":["GET"]}}],"collection":[{"href":"https:\/\/practicasvm.net\/carvalho\/wp-json\/wp\/v2\/pages"}],"about":[{"href":"https:\/\/practicasvm.net\/carvalho\/wp-json\/wp\/v2\/types\/page"}],"author":[{"embeddable":true,"href":"https:\/\/practicasvm.net\/carvalho\/wp-json\/wp\/v2\/users\/122"}],"replies":[{"embeddable":true,"href":"https:\/\/practicasvm.net\/carvalho\/wp-json\/wp\/v2\/comments?post=10"}],"version-history":[{"count":4,"href":"https:\/\/practicasvm.net\/carvalho\/wp-json\/wp\/v2\/pages\/10\/revisions"}],"predecessor-version":[{"id":14,"href":"https:\/\/practicasvm.net\/carvalho\/wp-json\/wp\/v2\/pages\/10\/revisions\/14"}],"wp:attachment":[{"href":"https:\/\/practicasvm.net\/carvalho\/wp-json\/wp\/v2\/media?parent=10"}],"curies":[{"name":"wp","href":"https:\/\/api.w.org\/{rel}","templated":true}]}}