{"id":7,"date":"2026-04-16T09:54:14","date_gmt":"2026-04-16T07:54:14","guid":{"rendered":"https:\/\/practicasvm.net\/carvalho\/?page_id=7"},"modified":"2026-04-16T09:54:14","modified_gmt":"2026-04-16T07:54:14","slug":"sobre-nosotros","status":"publish","type":"page","link":"https:\/\/practicasvm.net\/carvalho\/sobre-nosotros\/","title":{"rendered":"Sobre nosotros"},"content":{"rendered":"<p>De las ganas de crear un proyecto musical propio en torno a la m\u00fasica tradicional asturiana se funda en Gij\u00f3n, en la primavera del 2024, la Banda Gaites Saxum. Del mismo modo que su nombre trae al presente la fuerza del pasado milenario de su ciudad, la historia musical de los j\u00f3venes que la fundan hace de Saxum una realidad en el presente y una promesa para el futuro. Contando con el buen hacer de Diego Lobo y Sim\u00f3n San Jos\u00e9 al frente de su direcci\u00f3n musical, Saxum nace con este prop\u00f3sito: ser un referente musical en el folclore asturiano, trabajando desde la cordialidad y la unidad.<\/p>\n<p><img decoding=\"async\" src=\"https:\/\/encrypted-tbn0.gstatic.com\/images?q=tbn:ANd9GcQfH2BFaVF7Az7On9rhuTCxedFrtMwbLfw8BA&amp;s\" alt=\"Banda Gaites Saxum | Gij\u00f3n\" \/><\/p>\n<p>&nbsp;<\/p>\n","protected":false},"excerpt":{"rendered":"<p>De las ganas de crear un proyecto musical propio en torno a la m\u00fasica tradicional asturiana se funda en Gij\u00f3n, en la primavera del 2024, la Banda Gaites Saxum. Del mismo modo que su nombre trae al presente la fuerza del pasado milenario de su ciudad, la historia musical de los j\u00f3venes que la fundan [&hellip;]<\/p>\n","protected":false},"author":122,"featured_media":0,"parent":0,"menu_order":0,"comment_status":"closed","ping_status":"closed","template":"","meta":{"footnotes":""},"class_list":["post-7","page","type-page","status-publish","hentry"],"_links":{"self":[{"href":"https:\/\/practicasvm.net\/carvalho\/wp-json\/wp\/v2\/pages\/7","targetHints":{"allow":["GET"]}}],"collection":[{"href":"https:\/\/practicasvm.net\/carvalho\/wp-json\/wp\/v2\/pages"}],"about":[{"href":"https:\/\/practicasvm.net\/carvalho\/wp-json\/wp\/v2\/types\/page"}],"author":[{"embeddable":true,"href":"https:\/\/practicasvm.net\/carvalho\/wp-json\/wp\/v2\/users\/122"}],"replies":[{"embeddable":true,"href":"https:\/\/practicasvm.net\/carvalho\/wp-json\/wp\/v2\/comments?post=7"}],"version-history":[{"count":1,"href":"https:\/\/practicasvm.net\/carvalho\/wp-json\/wp\/v2\/pages\/7\/revisions"}],"predecessor-version":[{"id":9,"href":"https:\/\/practicasvm.net\/carvalho\/wp-json\/wp\/v2\/pages\/7\/revisions\/9"}],"wp:attachment":[{"href":"https:\/\/practicasvm.net\/carvalho\/wp-json\/wp\/v2\/media?parent=7"}],"curies":[{"name":"wp","href":"https:\/\/api.w.org\/{rel}","templated":true}]}}