{"id":2,"date":"2026-03-04T17:38:44","date_gmt":"2026-03-04T16:38:44","guid":{"rendered":"https:\/\/practicasvm.net\/hector\/?page_id=2"},"modified":"2026-04-14T12:14:57","modified_gmt":"2026-04-14T10:14:57","slug":"pagina-ejemplo","status":"publish","type":"page","link":"https:\/\/practicasvm.net\/hector\/pagina-ejemplo\/","title":{"rendered":"\u00bfQUIENES SOMOS?"},"content":{"rendered":"<p>Somos un grupo de alumnos de una clase de segundo de bachillerato de un colegio de Gij\u00f3n,\u00a0 Asturias.<\/p>\n<p>Nuestro profesor de la asignatura de ciencias tecnol\u00f3gicas nos ha propuesto hacer un blog con tema de nuestra elecci\u00f3n para aprender a usar esta herramienta de WordPress.<\/p>\n<p>Esperamos que os guste este Blog as\u00ed como el de mis compa\u00f1eros.\u00a0 \ud83d\ude42<\/p>\n<p><img decoding=\"async\" class=\"aligncenter\" src=\"https:\/\/encrypted-tbn0.gstatic.com\/images?q=tbn:ANd9GcSMI8SVRzNl2P03GdP_gkSoQhLz4gyE7UAPog&amp;s\" alt=\"FEFC Colegio Virgen Mediadora Dominicas Gij\u00f3n | Gij\u00f3n\" \/><\/p>\n","protected":false},"excerpt":{"rendered":"<p>Somos un grupo de alumnos de una clase de segundo de bachillerato de un colegio de Gij\u00f3n,\u00a0 Asturias. Nuestro profesor de la asignatura de ciencias tecnol\u00f3gicas nos ha propuesto hacer un blog con tema de nuestra elecci\u00f3n para aprender a usar esta herramienta de WordPress. Esperamos que os guste este Blog as\u00ed como el de [&hellip;]<\/p>\n","protected":false},"author":126,"featured_media":0,"parent":0,"menu_order":0,"comment_status":"closed","ping_status":"open","template":"","meta":{"footnotes":""},"class_list":["post-2","page","type-page","status-publish","hentry"],"_links":{"self":[{"href":"https:\/\/practicasvm.net\/hector\/wp-json\/wp\/v2\/pages\/2","targetHints":{"allow":["GET"]}}],"collection":[{"href":"https:\/\/practicasvm.net\/hector\/wp-json\/wp\/v2\/pages"}],"about":[{"href":"https:\/\/practicasvm.net\/hector\/wp-json\/wp\/v2\/types\/page"}],"author":[{"embeddable":true,"href":"https:\/\/practicasvm.net\/hector\/wp-json\/wp\/v2\/users\/126"}],"replies":[{"embeddable":true,"href":"https:\/\/practicasvm.net\/hector\/wp-json\/wp\/v2\/comments?post=2"}],"version-history":[{"count":2,"href":"https:\/\/practicasvm.net\/hector\/wp-json\/wp\/v2\/pages\/2\/revisions"}],"predecessor-version":[{"id":11,"href":"https:\/\/practicasvm.net\/hector\/wp-json\/wp\/v2\/pages\/2\/revisions\/11"}],"wp:attachment":[{"href":"https:\/\/practicasvm.net\/hector\/wp-json\/wp\/v2\/media?parent=2"}],"curies":[{"name":"wp","href":"https:\/\/api.w.org\/{rel}","templated":true}]}}