{"id":6,"date":"2026-04-14T12:15:16","date_gmt":"2026-04-14T10:15:16","guid":{"rendered":"https:\/\/practicasvm.net\/hector\/?page_id=6"},"modified":"2026-04-14T12:15:16","modified_gmt":"2026-04-14T10:15:16","slug":"pagina-de-contacto","status":"publish","type":"page","link":"https:\/\/practicasvm.net\/hector\/pagina-de-contacto\/","title":{"rendered":"P\u00e1gina de Contacto"},"content":{"rendered":"<p>Si quer\u00e9is contactar con nosotros por si ten\u00e9is alguna duda no dud\u00e9is en hacerlo, a continuaci\u00f3n esta nuestra informaci\u00f3n de\u00a0contacto:<\/p>\n<p>Como contactarnos:<\/p>\n<p>N\u00ba de tel\u00e9fono: 644 94 97 45<img fetchpriority=\"high\" decoding=\"async\" class=\"alignright\" src=\"https:\/\/www.shutterstock.com\/image-vector\/modern-black-white-contact-icons-600nw-2661525019.jpg\" alt=\"6,7 millones resultados de im\u00e1genes, fotos de stock e ...\" width=\"406\" height=\"210\" \/><\/p>\n<p>Correo electr\u00f3nico: correoejemplo@gmail.com<\/p>\n<p>Direcci\u00f3n: C\/ejemplo blog 51<\/p>\n","protected":false},"excerpt":{"rendered":"<p>Si quer\u00e9is contactar con nosotros por si ten\u00e9is alguna duda no dud\u00e9is en hacerlo, a continuaci\u00f3n esta nuestra informaci\u00f3n de\u00a0contacto: Como contactarnos: N\u00ba de tel\u00e9fono: 644 94 97 45 Correo electr\u00f3nico: correoejemplo@gmail.com Direcci\u00f3n: C\/ejemplo blog 51<\/p>\n","protected":false},"author":126,"featured_media":0,"parent":0,"menu_order":0,"comment_status":"closed","ping_status":"closed","template":"","meta":{"footnotes":""},"class_list":["post-6","page","type-page","status-publish","hentry"],"_links":{"self":[{"href":"https:\/\/practicasvm.net\/hector\/wp-json\/wp\/v2\/pages\/6","targetHints":{"allow":["GET"]}}],"collection":[{"href":"https:\/\/practicasvm.net\/hector\/wp-json\/wp\/v2\/pages"}],"about":[{"href":"https:\/\/practicasvm.net\/hector\/wp-json\/wp\/v2\/types\/page"}],"author":[{"embeddable":true,"href":"https:\/\/practicasvm.net\/hector\/wp-json\/wp\/v2\/users\/126"}],"replies":[{"embeddable":true,"href":"https:\/\/practicasvm.net\/hector\/wp-json\/wp\/v2\/comments?post=6"}],"version-history":[{"count":2,"href":"https:\/\/practicasvm.net\/hector\/wp-json\/wp\/v2\/pages\/6\/revisions"}],"predecessor-version":[{"id":12,"href":"https:\/\/practicasvm.net\/hector\/wp-json\/wp\/v2\/pages\/6\/revisions\/12"}],"wp:attachment":[{"href":"https:\/\/practicasvm.net\/hector\/wp-json\/wp\/v2\/media?parent=6"}],"curies":[{"name":"wp","href":"https:\/\/api.w.org\/{rel}","templated":true}]}}