{"id":13,"date":"2026-04-16T10:02:46","date_gmt":"2026-04-16T08:02:46","guid":{"rendered":"https:\/\/practicasvm.net\/martinezriesgo\/?page_id=13"},"modified":"2026-04-16T10:02:46","modified_gmt":"2026-04-16T08:02:46","slug":"contacto","status":"publish","type":"page","link":"https:\/\/practicasvm.net\/martinezriesgo\/contacto\/","title":{"rendered":"Contacto"},"content":{"rendered":"<h1 class=\"wp-block-post-title\"><span style=\"font-size: 16px\">Si quer\u00e9is contactar con nosotros por si ten\u00e9is alguna duda, a continuaci\u00f3n esta nuestra informaci\u00f3n de contacto:<\/span><\/h1>\n<div class=\"entry-content alignfull wp-block-post-content has-global-padding is-layout-constrained wp-block-post-content-is-layout-constrained\">\n<p>Como contactarnos:<\/p>\n<p>N\u00ba de tel\u00e9fono: 620 54 29 08<\/p>\n<p>Correo electr\u00f3nico: correo@gmail.com<img decoding=\"async\" class=\"alignright\" src=\"https:\/\/img.freepik.com\/vector-gratis\/botones-contacto-establecen_78370-9250.jpg?semt=ais_hybrid&amp;w=740&amp;q=80\" alt=\"Im\u00e1genes de Contacto - Descarga gratuita en Freepik\" \/><\/p>\n<p>Direcci\u00f3n: Direccion\/ejemplo<\/p>\n<\/div>\n","protected":false},"excerpt":{"rendered":"<p>Si quer\u00e9is contactar con nosotros por si ten\u00e9is alguna duda, a continuaci\u00f3n esta nuestra informaci\u00f3n de contacto: Como contactarnos: N\u00ba de tel\u00e9fono: 620 54 29 08 Correo electr\u00f3nico: correo@gmail.com Direcci\u00f3n: Direccion\/ejemplo<\/p>\n","protected":false},"author":131,"featured_media":0,"parent":0,"menu_order":0,"comment_status":"closed","ping_status":"closed","template":"","meta":{"footnotes":""},"class_list":["post-13","page","type-page","status-publish","hentry"],"_links":{"self":[{"href":"https:\/\/practicasvm.net\/martinezriesgo\/wp-json\/wp\/v2\/pages\/13","targetHints":{"allow":["GET"]}}],"collection":[{"href":"https:\/\/practicasvm.net\/martinezriesgo\/wp-json\/wp\/v2\/pages"}],"about":[{"href":"https:\/\/practicasvm.net\/martinezriesgo\/wp-json\/wp\/v2\/types\/page"}],"author":[{"embeddable":true,"href":"https:\/\/practicasvm.net\/martinezriesgo\/wp-json\/wp\/v2\/users\/131"}],"replies":[{"embeddable":true,"href":"https:\/\/practicasvm.net\/martinezriesgo\/wp-json\/wp\/v2\/comments?post=13"}],"version-history":[{"count":2,"href":"https:\/\/practicasvm.net\/martinezriesgo\/wp-json\/wp\/v2\/pages\/13\/revisions"}],"predecessor-version":[{"id":15,"href":"https:\/\/practicasvm.net\/martinezriesgo\/wp-json\/wp\/v2\/pages\/13\/revisions\/15"}],"wp:attachment":[{"href":"https:\/\/practicasvm.net\/martinezriesgo\/wp-json\/wp\/v2\/media?parent=13"}],"curies":[{"name":"wp","href":"https:\/\/api.w.org\/{rel}","templated":true}]}}