{"id":7,"date":"2026-04-16T09:52:32","date_gmt":"2026-04-16T07:52:32","guid":{"rendered":"https:\/\/practicasvm.net\/martinezriesgo\/?page_id=7"},"modified":"2026-04-16T09:53:46","modified_gmt":"2026-04-16T07:53:46","slug":"sobre-nosotros","status":"publish","type":"page","link":"https:\/\/practicasvm.net\/martinezriesgo\/sobre-nosotros\/","title":{"rendered":"Sobre nosotros"},"content":{"rendered":"<p>Este es un blog hecho por un alumno del colegio de las dominicas.<\/p>\n<p>Nuestro profesor de tecnolog\u00eda nos propuso crearlo sobre un tema libre de nuestra elecci\u00f3n. En mi caso, este blog ser\u00e1 sobre rutinas de gimnasio.<\/p>\n<p>Muchas gracias por ver y espero que disfrutes de este blog.<\/p>\n","protected":false},"excerpt":{"rendered":"<p>Este es un blog hecho por un alumno del colegio de las dominicas. Nuestro profesor de tecnolog\u00eda nos propuso crearlo sobre un tema libre de nuestra elecci\u00f3n. En mi caso, este blog ser\u00e1 sobre rutinas de gimnasio. Muchas gracias por ver y espero que disfrutes de este blog.<\/p>\n","protected":false},"author":131,"featured_media":0,"parent":0,"menu_order":0,"comment_status":"closed","ping_status":"closed","template":"","meta":{"footnotes":""},"class_list":["post-7","page","type-page","status-publish","hentry"],"_links":{"self":[{"href":"https:\/\/practicasvm.net\/martinezriesgo\/wp-json\/wp\/v2\/pages\/7","targetHints":{"allow":["GET"]}}],"collection":[{"href":"https:\/\/practicasvm.net\/martinezriesgo\/wp-json\/wp\/v2\/pages"}],"about":[{"href":"https:\/\/practicasvm.net\/martinezriesgo\/wp-json\/wp\/v2\/types\/page"}],"author":[{"embeddable":true,"href":"https:\/\/practicasvm.net\/martinezriesgo\/wp-json\/wp\/v2\/users\/131"}],"replies":[{"embeddable":true,"href":"https:\/\/practicasvm.net\/martinezriesgo\/wp-json\/wp\/v2\/comments?post=7"}],"version-history":[{"count":2,"href":"https:\/\/practicasvm.net\/martinezriesgo\/wp-json\/wp\/v2\/pages\/7\/revisions"}],"predecessor-version":[{"id":11,"href":"https:\/\/practicasvm.net\/martinezriesgo\/wp-json\/wp\/v2\/pages\/7\/revisions\/11"}],"wp:attachment":[{"href":"https:\/\/practicasvm.net\/martinezriesgo\/wp-json\/wp\/v2\/media?parent=7"}],"curies":[{"name":"wp","href":"https:\/\/api.w.org\/{rel}","templated":true}]}}