{"id":20,"date":"2026-04-16T10:14:21","date_gmt":"2026-04-16T08:14:21","guid":{"rendered":"https:\/\/practicasvm.net\/robles\/?page_id=20"},"modified":"2026-04-16T10:14:36","modified_gmt":"2026-04-16T08:14:36","slug":"introduccion","status":"publish","type":"page","link":"https:\/\/practicasvm.net\/robles\/introduccion\/","title":{"rendered":"INTRODUCCI\u00d3N"},"content":{"rendered":"<p>Dentro del pirag\u00fcismo podemos distinguir varias modalidades que se separan por categor\u00edas. En cada una de estas se utiliza un material muy distinto y las embarcaciones pueden ser individuales o de hasta mas de 10 personas.<\/p>\n<ul>\n<li>KAYAK<\/li>\n<li>CANOA<\/li>\n<li>SLALOM<\/li>\n<li>SURFSKI<\/li>\n<li>KAYAK POLO<\/li>\n<li>BARCO DRAG\u00d3N<\/li>\n<\/ul>\n","protected":false},"excerpt":{"rendered":"<p>Dentro del pirag\u00fcismo podemos distinguir varias modalidades que se separan por categor\u00edas. En cada una de estas se utiliza un material muy distinto y las embarcaciones pueden ser individuales o de hasta mas de 10 personas. KAYAK CANOA SLALOM SURFSKI KAYAK POLO BARCO DRAG\u00d3N<\/p>\n","protected":false},"author":138,"featured_media":0,"parent":0,"menu_order":0,"comment_status":"closed","ping_status":"closed","template":"","meta":{"footnotes":""},"class_list":["post-20","page","type-page","status-publish","hentry"],"_links":{"self":[{"href":"https:\/\/practicasvm.net\/robles\/wp-json\/wp\/v2\/pages\/20","targetHints":{"allow":["GET"]}}],"collection":[{"href":"https:\/\/practicasvm.net\/robles\/wp-json\/wp\/v2\/pages"}],"about":[{"href":"https:\/\/practicasvm.net\/robles\/wp-json\/wp\/v2\/types\/page"}],"author":[{"embeddable":true,"href":"https:\/\/practicasvm.net\/robles\/wp-json\/wp\/v2\/users\/138"}],"replies":[{"embeddable":true,"href":"https:\/\/practicasvm.net\/robles\/wp-json\/wp\/v2\/comments?post=20"}],"version-history":[{"count":2,"href":"https:\/\/practicasvm.net\/robles\/wp-json\/wp\/v2\/pages\/20\/revisions"}],"predecessor-version":[{"id":22,"href":"https:\/\/practicasvm.net\/robles\/wp-json\/wp\/v2\/pages\/20\/revisions\/22"}],"wp:attachment":[{"href":"https:\/\/practicasvm.net\/robles\/wp-json\/wp\/v2\/media?parent=20"}],"curies":[{"name":"wp","href":"https:\/\/api.w.org\/{rel}","templated":true}]}}