{"id":7,"date":"2026-04-16T09:49:51","date_gmt":"2026-04-16T07:49:51","guid":{"rendered":"https:\/\/practicasvm.net\/robles\/?page_id=7"},"modified":"2026-04-16T09:49:51","modified_gmt":"2026-04-16T07:49:51","slug":"de-donde-nace-este-blog","status":"publish","type":"page","link":"https:\/\/practicasvm.net\/robles\/de-donde-nace-este-blog\/","title":{"rendered":"\u00bfDE D\u00d3NDE NACE ESTE BLOG?"},"content":{"rendered":"<p class=\"isSelectedEnd\">El deporte forma parte de mi vida desde hace a\u00f1os, pero hay uno en especial que ha marcado qui\u00e9n soy: el pirag\u00fcismo. A trav\u00e9s de este blog quiero acercar este deporte a m\u00e1s gente, ya que, aunque no siempre es muy conocido, ofrece experiencias \u00fanicas tanto a nivel f\u00edsico como personal.<\/p>\n<p class=\"isSelectedEnd\">El pirag\u00fcismo no es solo remar sobre el agua; es esfuerzo, constancia y conexi\u00f3n con la naturaleza. Cada entrenamiento y cada competici\u00f3n ense\u00f1an valores como la disciplina, el trabajo en equipo y la superaci\u00f3n personal. En mi caso, se ha convertido en mucho m\u00e1s que un hobby: es una parte\u00a0importante de mi d\u00eda a d\u00eda.<\/p>\n<p>Con este blog, mi objetivo es compartir mi experiencia, explicar en qu\u00e9 consiste este deporte y animar a otras personas a descubrirlo. Porque, aunque al principio pueda parecer dif\u00edcil, el pirag\u00fcismo es un deporte apasionante que merece ser m\u00e1s conocido.<\/p>\n<p><img decoding=\"async\" class=\"aligncenter\" src=\"https:\/\/myorder.nelo.eu\/imagens_BD\/Produtos\/5_ML.png\" alt=\"\" width=\"266\" height=\"146\" \/><\/p>\n","protected":false},"excerpt":{"rendered":"<p>El deporte forma parte de mi vida desde hace a\u00f1os, pero hay uno en especial que ha marcado qui\u00e9n soy: el pirag\u00fcismo. A trav\u00e9s de este blog quiero acercar este deporte a m\u00e1s gente, ya que, aunque no siempre es muy conocido, ofrece experiencias \u00fanicas tanto a nivel f\u00edsico como personal. El pirag\u00fcismo no es [&hellip;]<\/p>\n","protected":false},"author":138,"featured_media":0,"parent":0,"menu_order":0,"comment_status":"closed","ping_status":"closed","template":"","meta":{"footnotes":""},"class_list":["post-7","page","type-page","status-publish","hentry"],"_links":{"self":[{"href":"https:\/\/practicasvm.net\/robles\/wp-json\/wp\/v2\/pages\/7","targetHints":{"allow":["GET"]}}],"collection":[{"href":"https:\/\/practicasvm.net\/robles\/wp-json\/wp\/v2\/pages"}],"about":[{"href":"https:\/\/practicasvm.net\/robles\/wp-json\/wp\/v2\/types\/page"}],"author":[{"embeddable":true,"href":"https:\/\/practicasvm.net\/robles\/wp-json\/wp\/v2\/users\/138"}],"replies":[{"embeddable":true,"href":"https:\/\/practicasvm.net\/robles\/wp-json\/wp\/v2\/comments?post=7"}],"version-history":[{"count":1,"href":"https:\/\/practicasvm.net\/robles\/wp-json\/wp\/v2\/pages\/7\/revisions"}],"predecessor-version":[{"id":10,"href":"https:\/\/practicasvm.net\/robles\/wp-json\/wp\/v2\/pages\/7\/revisions\/10"}],"wp:attachment":[{"href":"https:\/\/practicasvm.net\/robles\/wp-json\/wp\/v2\/media?parent=7"}],"curies":[{"name":"wp","href":"https:\/\/api.w.org\/{rel}","templated":true}]}}