{"id":26,"date":"2026-04-16T09:56:23","date_gmt":"2026-04-16T07:56:23","guid":{"rendered":"https:\/\/practicasvm.net\/sampedro\/?page_id=26"},"modified":"2026-04-16T10:00:34","modified_gmt":"2026-04-16T08:00:34","slug":"de-donde-nace-este-blog","status":"publish","type":"page","link":"https:\/\/practicasvm.net\/sampedro\/de-donde-nace-este-blog\/","title":{"rendered":"\u00bfDe donde nace este blog?"},"content":{"rendered":"<p>Me llamo Juan Sampedro y soy estudiante de 2\u00ba de Bachillerato. Este blog nace como parte de un trabajo de clase, pero tambi\u00e9n como una forma de compartir una de mis mayores pasiones: la F\u00f3rmula 1. Desde peque\u00f1o me ha fascinado este deporte, no solo por la velocidad y la emoci\u00f3n de las carreras, sino tambi\u00e9n por todo lo que hay detr\u00e1s: la estrategia, la tecnolog\u00eda y el esfuerzo de los equipos.<\/p>\n<p>Con esta p\u00e1gina quiero no solo informar sobre la actualidad y los aspectos m\u00e1s interesantes de la F1, sino tambi\u00e9n crear un peque\u00f1o espacio donde otros aficionados puedan sentirse identificados y disfrutar de este deporte tanto como yo. La idea es formar, poco a poco, una peque\u00f1a comunidad unida por la misma pasi\u00f3n.<\/p>\n","protected":false},"excerpt":{"rendered":"<p>Me llamo Juan Sampedro y soy estudiante de 2\u00ba de Bachillerato. Este blog nace como parte de un trabajo de clase, pero tambi\u00e9n como una forma de compartir una de mis mayores pasiones: la F\u00f3rmula 1. Desde peque\u00f1o me ha fascinado este deporte, no solo por la velocidad y la emoci\u00f3n de las carreras, sino [&hellip;]<\/p>\n","protected":false},"author":140,"featured_media":17,"parent":0,"menu_order":0,"comment_status":"closed","ping_status":"closed","template":"","meta":{"footnotes":""},"class_list":["post-26","page","type-page","status-publish","has-post-thumbnail","hentry"],"_links":{"self":[{"href":"https:\/\/practicasvm.net\/sampedro\/wp-json\/wp\/v2\/pages\/26","targetHints":{"allow":["GET"]}}],"collection":[{"href":"https:\/\/practicasvm.net\/sampedro\/wp-json\/wp\/v2\/pages"}],"about":[{"href":"https:\/\/practicasvm.net\/sampedro\/wp-json\/wp\/v2\/types\/page"}],"author":[{"embeddable":true,"href":"https:\/\/practicasvm.net\/sampedro\/wp-json\/wp\/v2\/users\/140"}],"replies":[{"embeddable":true,"href":"https:\/\/practicasvm.net\/sampedro\/wp-json\/wp\/v2\/comments?post=26"}],"version-history":[{"count":1,"href":"https:\/\/practicasvm.net\/sampedro\/wp-json\/wp\/v2\/pages\/26\/revisions"}],"predecessor-version":[{"id":27,"href":"https:\/\/practicasvm.net\/sampedro\/wp-json\/wp\/v2\/pages\/26\/revisions\/27"}],"wp:featuredmedia":[{"embeddable":true,"href":"https:\/\/practicasvm.net\/sampedro\/wp-json\/wp\/v2\/media\/17"}],"wp:attachment":[{"href":"https:\/\/practicasvm.net\/sampedro\/wp-json\/wp\/v2\/media?parent=26"}],"curies":[{"name":"wp","href":"https:\/\/api.w.org\/{rel}","templated":true}]}}